
{"id":1419,"date":"2018-07-17T00:31:43","date_gmt":"2018-07-17T04:31:43","guid":{"rendered":"http:\/\/caxtri.com\/megantic-region\/"},"modified":"2023-12-13T02:34:31","modified_gmt":"2023-12-13T07:34:31","slug":"megantic-region","status":"publish","type":"page","link":"https:\/\/caxtri.com\/en\/megantic-region\/","title":{"rendered":"M\u00e9gantic Region"},"content":{"rendered":"\t\t<div data-elementor-type=\"wp-post\" data-elementor-id=\"1419\" class=\"elementor elementor-1419 elementor-45\" data-elementor-post-type=\"page\">\n\t\t\t\t\t\t<section class=\"elementor-section elementor-top-section elementor-element elementor-element-6ea95f7 elementor-section-height-min-height elementor-section-full_width elementor-section-items-bottom elementor-section-height-default\" data-id=\"6ea95f7\" data-element_type=\"section\" data-settings=\"{&quot;background_background&quot;:&quot;classic&quot;}\">\n\t\t\t\t\t\t<div class=\"elementor-container elementor-column-gap-no\">\n\t\t\t\t\t<div class=\"elementor-column elementor-col-100 elementor-top-column elementor-element elementor-element-04a855e elementor-invisible\" data-id=\"04a855e\" data-element_type=\"column\" data-settings=\"{&quot;background_background&quot;:&quot;classic&quot;,&quot;animation&quot;:&quot;fadeIn&quot;}\">\n\t\t\t<div class=\"elementor-widget-wrap elementor-element-populated\">\n\t\t\t\t\t\t<section class=\"elementor-section elementor-inner-section elementor-element elementor-element-7d2cb01 elementor-section-height-min-height elementor-section-content-middle elementor-section-boxed elementor-section-height-default\" data-id=\"7d2cb01\" data-element_type=\"section\">\n\t\t\t\t\t\t<div class=\"elementor-container elementor-column-gap-default\">\n\t\t\t\t\t<div class=\"elementor-column elementor-col-100 elementor-inner-column elementor-element elementor-element-7438d79\" data-id=\"7438d79\" data-element_type=\"column\">\n\t\t\t<div class=\"elementor-widget-wrap elementor-element-populated\">\n\t\t\t\t\t\t<div class=\"elementor-element elementor-element-6ddb82c elementor-widget elementor-widget-heading\" data-id=\"6ddb82c\" data-element_type=\"widget\" data-widget_type=\"heading.default\">\n\t\t\t\t<div class=\"elementor-widget-container\">\n\t\t\t\t\t<h2 class=\"elementor-heading-title elementor-size-default\">Lake Megantic exceptional territory<\/h2>\t\t\t\t<\/div>\n\t\t\t\t<\/div>\n\t\t\t\t\t<\/div>\n\t\t<\/div>\n\t\t\t\t\t<\/div>\n\t\t<\/section>\n\t\t\t\t\t<\/div>\n\t\t<\/div>\n\t\t\t\t\t<\/div>\n\t\t<\/section>\n\t\t\t\t<section class=\"elementor-section elementor-top-section elementor-element elementor-element-6c63db0 elementor-section-boxed elementor-section-height-default elementor-section-height-default\" data-id=\"6c63db0\" data-element_type=\"section\">\n\t\t\t\t\t\t<div class=\"elementor-container elementor-column-gap-wider\">\n\t\t\t\t\t<div class=\"elementor-column elementor-col-100 elementor-top-column elementor-element elementor-element-7a25733\" data-id=\"7a25733\" data-element_type=\"column\">\n\t\t\t<div class=\"elementor-widget-wrap elementor-element-populated\">\n\t\t\t\t\t\t<section class=\"elementor-section elementor-inner-section elementor-element elementor-element-bad1b4f elementor-section-boxed elementor-section-height-default elementor-section-height-default\" data-id=\"bad1b4f\" data-element_type=\"section\">\n\t\t\t\t\t\t<div class=\"elementor-container elementor-column-gap-wider\">\n\t\t\t\t\t<div class=\"elementor-column elementor-col-50 elementor-inner-column elementor-element elementor-element-d140e0b\" data-id=\"d140e0b\" data-element_type=\"column\">\n\t\t\t<div class=\"elementor-widget-wrap elementor-element-populated\">\n\t\t\t\t\t\t<div class=\"elementor-element elementor-element-4af7e76f elementor-widget elementor-widget-text-editor\" data-id=\"4af7e76f\" data-element_type=\"widget\" data-widget_type=\"text-editor.default\">\n\t\t\t\t<div class=\"elementor-widget-container\">\n\t\t\t\t\t\t\t\t\t<p>Exotic and enchanting, the Megantic region is sublime in every season. Come discover a wide range of activities that can be enjoyed in a picture-perfect mountain and lake-filled setting. The region is designated as the world&#8217;s first Dark Sky Reserve. Participants from Canada Man will have the chance to ride the Route des Sommets, which offers breathtaking panoramic views of the surrounding mountains and lakes.<\/p>\n<p>For more information, visit:<\/p>\n<ul>\n<li><a href=\"https:\/\/www.ville.lac-megantic.qc.ca\/tourisme2\/activites-et-attraits\/\" target=\"_blank\" rel=\"noopener\">http:\/\/www.ville.lac-megantic.qc.ca\/le-touriste\/tourisme-region-de-megantic\/<\/a><\/li>\n<li><a href=\"http:\/\/www.tourisme-megantic.com\/fr\" target=\"_blank\" rel=\"noopener\">http:\/\/tourisme-megantic.com\/<\/a><\/li>\n<\/ul>\n<p>Superb video of Mont-M\u00e9gantic produced by R\u00e9mi Boucher and Guillaume Poulin:<\/p>\n<ul>\n<li><a href=\"https:\/\/vimeo.com\/149051762\" target=\"_blank\" rel=\"noopener\">https:\/\/vimeo.com\/149051762<\/a><\/li>\n<\/ul>\n<p>Mont-M\u00e9gantic Park:<\/p>\n<ul>\n<li><a href=\"http:\/\/www.sepaq.com\/pq\/mme\/\" target=\"_blank\" rel=\"noopener\">http:\/\/www.sepaq.com\/pq\/mme\/<\/a><\/li>\n<\/ul>\n\t\t\t\t\t\t\t\t<\/div>\n\t\t\t\t<\/div>\n\t\t\t\t\t<\/div>\n\t\t<\/div>\n\t\t\t\t<div class=\"elementor-column elementor-col-50 elementor-inner-column elementor-element elementor-element-43c7f26\" data-id=\"43c7f26\" data-element_type=\"column\">\n\t\t\t<div class=\"elementor-widget-wrap elementor-element-populated\">\n\t\t\t\t\t\t<div class=\"elementor-element elementor-element-f0604b8 elementor-widget elementor-widget-image\" data-id=\"f0604b8\" data-element_type=\"widget\" data-widget_type=\"image.default\">\n\t\t\t\t<div class=\"elementor-widget-container\">\n\t\t\t\t\t\t\t\t\t\t\t\t\t\t\t<img fetchpriority=\"high\" decoding=\"async\" width=\"1200\" height=\"800\" src=\"https:\/\/caxtri.com\/wp-content\/uploads\/Canada-Man-2018-Voie-lact\u00e9e-1200x800.jpg\" class=\"attachment-large size-large wp-image-1570\" alt=\"\" srcset=\"https:\/\/caxtri.com\/wp-content\/uploads\/Canada-Man-2018-Voie-lact\u00e9e-1200x800.jpg 1200w, https:\/\/caxtri.com\/wp-content\/uploads\/Canada-Man-2018-Voie-lact\u00e9e-600x400.jpg 600w, https:\/\/caxtri.com\/wp-content\/uploads\/Canada-Man-2018-Voie-lact\u00e9e-768x512.jpg 768w, https:\/\/caxtri.com\/wp-content\/uploads\/Canada-Man-2018-Voie-lact\u00e9e.jpg 1600w\" sizes=\"(max-width: 1200px) 100vw, 1200px\" \/>\t\t\t\t\t\t\t\t\t\t\t\t\t\t\t<\/div>\n\t\t\t\t<\/div>\n\t\t\t\t<div class=\"elementor-element elementor-element-1db6649 elementor-widget elementor-widget-image\" data-id=\"1db6649\" data-element_type=\"widget\" data-widget_type=\"image.default\">\n\t\t\t\t<div class=\"elementor-widget-container\">\n\t\t\t\t\t\t\t\t\t\t\t\t\t\t\t<img decoding=\"async\" width=\"1200\" height=\"800\" src=\"https:\/\/caxtri.com\/wp-content\/uploads\/51586255409_539a4c3334_k-1200x800.jpg\" class=\"attachment-large size-large wp-image-33876\" alt=\"\" srcset=\"https:\/\/caxtri.com\/wp-content\/uploads\/51586255409_539a4c3334_k-1200x800.jpg 1200w, https:\/\/caxtri.com\/wp-content\/uploads\/51586255409_539a4c3334_k-600x400.jpg 600w, https:\/\/caxtri.com\/wp-content\/uploads\/51586255409_539a4c3334_k-768x512.jpg 768w, https:\/\/caxtri.com\/wp-content\/uploads\/51586255409_539a4c3334_k-1536x1024.jpg 1536w, https:\/\/caxtri.com\/wp-content\/uploads\/51586255409_539a4c3334_k.jpg 2048w\" sizes=\"(max-width: 1200px) 100vw, 1200px\" \/>\t\t\t\t\t\t\t\t\t\t\t\t\t\t\t<\/div>\n\t\t\t\t<\/div>\n\t\t\t\t\t<\/div>\n\t\t<\/div>\n\t\t\t\t\t<\/div>\n\t\t<\/section>\n\t\t\t\t\t<\/div>\n\t\t<\/div>\n\t\t\t\t\t<\/div>\n\t\t<\/section>\n\t\t\t\t<section class=\"elementor-section elementor-top-section elementor-element elementor-element-4572fe1 elementor-section-height-min-height elementor-section-full_width elementor-section-items-bottom elementor-section-height-default\" data-id=\"4572fe1\" data-element_type=\"section\" data-settings=\"{&quot;background_background&quot;:&quot;classic&quot;}\">\n\t\t\t\t\t\t<div class=\"elementor-container elementor-column-gap-no\">\n\t\t\t\t\t<div class=\"elementor-column elementor-col-100 elementor-top-column elementor-element elementor-element-170efee elementor-invisible\" data-id=\"170efee\" data-element_type=\"column\" data-settings=\"{&quot;background_background&quot;:&quot;classic&quot;,&quot;animation&quot;:&quot;fadeIn&quot;}\">\n\t\t\t<div class=\"elementor-widget-wrap elementor-element-populated\">\n\t\t\t\t\t\t<section class=\"elementor-section elementor-inner-section elementor-element elementor-element-ada359f elementor-section-height-min-height elementor-section-content-middle elementor-section-boxed elementor-section-height-default\" data-id=\"ada359f\" data-element_type=\"section\">\n\t\t\t\t\t\t<div class=\"elementor-container elementor-column-gap-default\">\n\t\t\t\t\t<div class=\"elementor-column elementor-col-100 elementor-inner-column elementor-element elementor-element-b8470e0\" data-id=\"b8470e0\" data-element_type=\"column\">\n\t\t\t<div class=\"elementor-widget-wrap elementor-element-populated\">\n\t\t\t\t\t\t<div class=\"elementor-element elementor-element-8431712 elementor-widget elementor-widget-heading\" data-id=\"8431712\" data-element_type=\"widget\" data-widget_type=\"heading.default\">\n\t\t\t\t<div class=\"elementor-widget-container\">\n\t\t\t\t\t<h2 class=\"elementor-heading-title elementor-size-default\">Lodging<\/h2>\t\t\t\t<\/div>\n\t\t\t\t<\/div>\n\t\t\t\t\t<\/div>\n\t\t<\/div>\n\t\t\t\t\t<\/div>\n\t\t<\/section>\n\t\t\t\t\t<\/div>\n\t\t<\/div>\n\t\t\t\t\t<\/div>\n\t\t<\/section>\n\t\t\t\t<section class=\"elementor-section elementor-top-section elementor-element elementor-element-b1c0d53 elementor-section-boxed elementor-section-height-default elementor-section-height-default\" data-id=\"b1c0d53\" data-element_type=\"section\">\n\t\t\t\t\t\t<div class=\"elementor-container elementor-column-gap-wider\">\n\t\t\t\t\t<div class=\"elementor-column elementor-col-100 elementor-top-column elementor-element elementor-element-bd532bd\" data-id=\"bd532bd\" data-element_type=\"column\" data-settings=\"{&quot;background_background&quot;:&quot;classic&quot;}\">\n\t\t\t<div class=\"elementor-widget-wrap elementor-element-populated\">\n\t\t\t\t\t<div class=\"elementor-background-overlay\"><\/div>\n\t\t\t\t\t\t<section class=\"elementor-section elementor-inner-section elementor-element elementor-element-b8b54ea elementor-section-boxed elementor-section-height-default elementor-section-height-default\" data-id=\"b8b54ea\" data-element_type=\"section\">\n\t\t\t\t\t\t<div class=\"elementor-container elementor-column-gap-wider\">\n\t\t\t\t\t<div class=\"elementor-column elementor-col-100 elementor-inner-column elementor-element elementor-element-5a335a9\" data-id=\"5a335a9\" data-element_type=\"column\">\n\t\t\t<div class=\"elementor-widget-wrap elementor-element-populated\">\n\t\t\t\t\t\t<div class=\"elementor-element elementor-element-6f1f337 elementor-widget elementor-widget-text-editor\" data-id=\"6f1f337\" data-element_type=\"widget\" data-widget_type=\"text-editor.default\">\n\t\t\t\t<div class=\"elementor-widget-container\">\n\t\t\t\t\t\t\t\t\t<p>For your lodging needs, do not hesitate to contact the M\u00e9gantic region tourist bureau.<\/p>\n<p>3295, Laval Street<br \/>Lac-M\u00e9gantic (Qu\u00e9bec) G6B 1A5<\/p>\n<p>Inter. : 001 819 583-5515<br \/>National. : 1 800 363-5515<\/p>\n<p><a href=\"mailto:tourisme@sdegranit.ca\">tourisme@sdegranit.ca<\/a><\/p>\n<p>You can also find tourist information on the following website: <a href=\"http:\/\/www.tourisme-megantic.com\/dormir\" target=\"_blank\" rel=\"noopener\">http:\/\/www.tourisme-megantic.com\/dormir<\/a><br \/>S\u00c9PAQ Parc national du Mont-M\u00e9gantic: <a title=\"This link to an external site will open in a new window\" href=\"http:\/\/www.sepaq.com\/pq\/mme\/\" target=\"_blank\" rel=\"noopener\">http:\/\/www.sepaq.com\/pq\/mme\/<\/a><\/p>\n\t\t\t\t\t\t\t\t<\/div>\n\t\t\t\t<\/div>\n\t\t\t\t\t<\/div>\n\t\t<\/div>\n\t\t\t\t\t<\/div>\n\t\t<\/section>\n\t\t\t\t\t<\/div>\n\t\t<\/div>\n\t\t\t\t\t<\/div>\n\t\t<\/section>\n\t\t\t\t<section class=\"elementor-section elementor-top-section elementor-element elementor-element-ba5e2df elementor-section-height-min-height elementor-section-full_width elementor-section-items-bottom elementor-section-height-default\" data-id=\"ba5e2df\" data-element_type=\"section\" data-settings=\"{&quot;background_background&quot;:&quot;classic&quot;}\">\n\t\t\t\t\t\t<div class=\"elementor-container elementor-column-gap-no\">\n\t\t\t\t\t<div class=\"elementor-column elementor-col-100 elementor-top-column elementor-element elementor-element-a0eb86d elementor-invisible\" data-id=\"a0eb86d\" data-element_type=\"column\" data-settings=\"{&quot;background_background&quot;:&quot;classic&quot;,&quot;animation&quot;:&quot;fadeIn&quot;}\">\n\t\t\t<div class=\"elementor-widget-wrap elementor-element-populated\">\n\t\t\t\t\t\t<section class=\"elementor-section elementor-inner-section elementor-element elementor-element-cd2119c elementor-section-height-min-height elementor-section-content-middle elementor-section-boxed elementor-section-height-default\" data-id=\"cd2119c\" data-element_type=\"section\">\n\t\t\t\t\t\t<div class=\"elementor-container elementor-column-gap-default\">\n\t\t\t\t\t<div class=\"elementor-column elementor-col-100 elementor-inner-column elementor-element elementor-element-0bd217c\" data-id=\"0bd217c\" data-element_type=\"column\">\n\t\t\t<div class=\"elementor-widget-wrap elementor-element-populated\">\n\t\t\t\t\t\t<div class=\"elementor-element elementor-element-3bd7b1f elementor-widget elementor-widget-heading\" data-id=\"3bd7b1f\" data-element_type=\"widget\" data-widget_type=\"heading.default\">\n\t\t\t\t<div class=\"elementor-widget-container\">\n\t\t\t\t\t<h2 class=\"elementor-heading-title elementor-size-default\">Driving Directions<\/h2>\t\t\t\t<\/div>\n\t\t\t\t<\/div>\n\t\t\t\t\t<\/div>\n\t\t<\/div>\n\t\t\t\t\t<\/div>\n\t\t<\/section>\n\t\t\t\t\t<\/div>\n\t\t<\/div>\n\t\t\t\t\t<\/div>\n\t\t<\/section>\n\t\t\t\t<section class=\"elementor-section elementor-top-section elementor-element elementor-element-660507b elementor-section-full_width elementor-section-height-default elementor-section-height-default\" data-id=\"660507b\" data-element_type=\"section\">\n\t\t\t\t\t\t<div class=\"elementor-container elementor-column-gap-no\">\n\t\t\t\t\t<div class=\"elementor-column elementor-col-100 elementor-top-column elementor-element elementor-element-2eae310\" data-id=\"2eae310\" data-element_type=\"column\">\n\t\t\t<div class=\"elementor-widget-wrap elementor-element-populated\">\n\t\t\t\t\t\t<section class=\"elementor-section elementor-inner-section elementor-element elementor-element-1ebbb69 elementor-section-full_width elementor-section-content-middle elementor-section-height-default elementor-section-height-default\" data-id=\"1ebbb69\" data-element_type=\"section\">\n\t\t\t\t\t\t<div class=\"elementor-container elementor-column-gap-no\">\n\t\t\t\t\t<div class=\"elementor-column elementor-col-50 elementor-inner-column elementor-element elementor-element-8afe225\" data-id=\"8afe225\" data-element_type=\"column\">\n\t\t\t<div class=\"elementor-widget-wrap elementor-element-populated\">\n\t\t\t\t\t\t<div class=\"elementor-element elementor-element-9b431c5 elementor-widget elementor-widget-text-editor\" data-id=\"9b431c5\" data-element_type=\"widget\" data-widget_type=\"text-editor.default\">\n\t\t\t\t<div class=\"elementor-widget-container\">\n\t\t\t\t\t\t\t\t\t<p>Canada Man headquarters are located at the following address:<\/p>\n<p>Centre Sportif de Lac-M\u00e9gantic<br \/>5400 Papineau Street<br \/>Lac-M\u00e9gantic (Qu\u00e9bec)<br \/>G6B 0B9<\/p>\n\t\t\t\t\t\t\t\t<\/div>\n\t\t\t\t<\/div>\n\t\t\t\t\t<\/div>\n\t\t<\/div>\n\t\t\t\t<div class=\"elementor-column elementor-col-50 elementor-inner-column elementor-element elementor-element-cae5447\" data-id=\"cae5447\" data-element_type=\"column\">\n\t\t\t<div class=\"elementor-widget-wrap elementor-element-populated\">\n\t\t\t\t\t\t<div class=\"elementor-element elementor-element-8f10e83 elementor-widget elementor-widget-google_maps\" data-id=\"8f10e83\" data-element_type=\"widget\" data-widget_type=\"google_maps.default\">\n\t\t\t\t<div class=\"elementor-widget-container\">\n\t\t\t\t\t\t\t<div class=\"elementor-custom-embed\">\n\t\t\t<iframe loading=\"lazy\"\n\t\t\t\t\tsrc=\"https:\/\/maps.google.com\/maps?q=Centre%20Sportif%20de%20Lac-M%C3%A9gantic%205400%20Rue%20Papineau%20Lac-M%C3%A9gantic%20%28Qu%C3%A9bec%29%20G6B%200B9&#038;t=m&#038;z=15&#038;output=embed&#038;iwloc=near\"\n\t\t\t\t\ttitle=\"Centre Sportif de Lac-M\u00e9gantic 5400 Rue Papineau Lac-M\u00e9gantic (Qu\u00e9bec) G6B 0B9\"\n\t\t\t\t\taria-label=\"Centre Sportif de Lac-M\u00e9gantic 5400 Rue Papineau Lac-M\u00e9gantic (Qu\u00e9bec) G6B 0B9\"\n\t\t\t><\/iframe>\n\t\t<\/div>\n\t\t\t\t\t\t<\/div>\n\t\t\t\t<\/div>\n\t\t\t\t\t<\/div>\n\t\t<\/div>\n\t\t\t\t\t<\/div>\n\t\t<\/section>\n\t\t\t\t\t<\/div>\n\t\t<\/div>\n\t\t\t\t\t<\/div>\n\t\t<\/section>\n\t\t\t\t<\/div>\n\t\t","protected":false},"excerpt":{"rendered":"<p>Lake Megantic exceptional territory Exotic and enchanting, the Megantic region is sublime in every season. Come discover a wide range of activities that can be enjoyed in a picture-perfect mountain and lake-filled setting. The region is designated as the world&#8217;s first Dark Sky Reserve. Participants from Canada Man will have the chance to ride the [&hellip;]<\/p>\n","protected":false},"author":1,"featured_media":1286,"parent":0,"menu_order":3,"comment_status":"closed","ping_status":"closed","template":"","meta":{"_seopress_robots_primary_cat":"","_seopress_titles_title":"","_seopress_titles_desc":"","_seopress_robots_index":"","site-sidebar-layout":"default","site-content-layout":"default","ast-site-content-layout":"","site-content-style":"default","site-sidebar-style":"default","ast-global-header-display":"","ast-banner-title-visibility":"","ast-main-header-display":"","ast-hfb-above-header-display":"","ast-hfb-below-header-display":"","ast-hfb-mobile-header-display":"","site-post-title":"disabled","ast-breadcrumbs-content":"","ast-featured-img":"disabled","footer-sml-layout":"","theme-transparent-header-meta":"default","adv-header-id-meta":"","stick-header-meta":"default","header-above-stick-meta":"","header-main-stick-meta":"","header-below-stick-meta":"","astra-migrate-meta-layouts":"default","ast-page-background-enabled":"default","ast-page-background-meta":{"desktop":{"background-color":"","background-image":"","background-repeat":"repeat","background-position":"center center","background-size":"auto","background-attachment":"scroll","background-type":"","background-media":"","overlay-type":"","overlay-color":"","overlay-gradient":""},"tablet":{"background-color":"","background-image":"","background-repeat":"repeat","background-position":"center center","background-size":"auto","background-attachment":"scroll","background-type":"","background-media":"","overlay-type":"","overlay-color":"","overlay-gradient":""},"mobile":{"background-color":"","background-image":"","background-repeat":"repeat","background-position":"center center","background-size":"auto","background-attachment":"scroll","background-type":"","background-media":"","overlay-type":"","overlay-color":"","overlay-gradient":""}},"ast-content-background-meta":{"desktop":{"background-color":"var(--ast-global-color-5)","background-image":"","background-repeat":"repeat","background-position":"center center","background-size":"auto","background-attachment":"scroll","background-type":"","background-media":"","overlay-type":"","overlay-color":"","overlay-gradient":""},"tablet":{"background-color":"var(--ast-global-color-5)","background-image":"","background-repeat":"repeat","background-position":"center center","background-size":"auto","background-attachment":"scroll","background-type":"","background-media":"","overlay-type":"","overlay-color":"","overlay-gradient":""},"mobile":{"background-color":"var(--ast-global-color-5)","background-image":"","background-repeat":"repeat","background-position":"center center","background-size":"auto","background-attachment":"scroll","background-type":"","background-media":"","overlay-type":"","overlay-color":"","overlay-gradient":""}},"footnotes":""},"_links":{"self":[{"href":"https:\/\/caxtri.com\/en\/wp-json\/wp\/v2\/pages\/1419"}],"collection":[{"href":"https:\/\/caxtri.com\/en\/wp-json\/wp\/v2\/pages"}],"about":[{"href":"https:\/\/caxtri.com\/en\/wp-json\/wp\/v2\/types\/page"}],"author":[{"embeddable":true,"href":"https:\/\/caxtri.com\/en\/wp-json\/wp\/v2\/users\/1"}],"replies":[{"embeddable":true,"href":"https:\/\/caxtri.com\/en\/wp-json\/wp\/v2\/comments?post=1419"}],"version-history":[{"count":22,"href":"https:\/\/caxtri.com\/en\/wp-json\/wp\/v2\/pages\/1419\/revisions"}],"predecessor-version":[{"id":34289,"href":"https:\/\/caxtri.com\/en\/wp-json\/wp\/v2\/pages\/1419\/revisions\/34289"}],"wp:featuredmedia":[{"embeddable":true,"href":"https:\/\/caxtri.com\/en\/wp-json\/wp\/v2\/media\/1286"}],"wp:attachment":[{"href":"https:\/\/caxtri.com\/en\/wp-json\/wp\/v2\/media?parent=1419"}],"curies":[{"name":"wp","href":"https:\/\/api.w.org\/{rel}","templated":true}]}}